{"id":80,"date":"2026-03-08T23:19:58","date_gmt":"2026-03-08T23:19:58","guid":{"rendered":"https:\/\/ballfactory.fr\/?page_id=80"},"modified":"2026-03-29T14:44:06","modified_gmt":"2026-03-29T14:44:06","slug":"elementor-80","status":"publish","type":"page","link":"https:\/\/ballfactory.fr\/","title":{"rendered":"Accueil Ball Factory"},"content":{"rendered":"\t\t<div data-elementor-type=\"wp-page\" data-elementor-id=\"80\" class=\"elementor elementor-80\">\n\t\t\t\t<div class=\"elementor-element elementor-element-5003d16e e-flex e-con-boxed e-con e-parent\" data-id=\"5003d16e\" data-element_type=\"container\" data-e-type=\"container\">\n\t\t\t\t\t<div class=\"e-con-inner\">\n\t\t\t\t<div class=\"elementor-element elementor-element-3daba5e4 elementor-widget elementor-widget-image\" data-id=\"3daba5e4\" data-element_type=\"widget\" data-e-type=\"widget\" data-widget_type=\"image.default\">\n\t\t\t\t\t\t\t\t\t\t\t\t\t\t\t<img fetchpriority=\"high\" decoding=\"async\" width=\"1024\" height=\"216\" src=\"https:\/\/ballfactory.fr\/wp-content\/uploads\/2026\/03\/header-site-ballfactory-1024x216.jpg\" class=\"attachment-large size-large wp-image-11\" alt=\"Ball Factory Logo\" srcset=\"https:\/\/ballfactory.fr\/wp-content\/uploads\/2026\/03\/header-site-ballfactory-1024x216.jpg 1024w, https:\/\/ballfactory.fr\/wp-content\/uploads\/2026\/03\/header-site-ballfactory-300x63.jpg 300w, https:\/\/ballfactory.fr\/wp-content\/uploads\/2026\/03\/header-site-ballfactory-768x162.jpg 768w, https:\/\/ballfactory.fr\/wp-content\/uploads\/2026\/03\/header-site-ballfactory-1536x324.jpg 1536w, https:\/\/ballfactory.fr\/wp-content\/uploads\/2026\/03\/header-site-ballfactory-2048x432.jpg 2048w\" sizes=\"(max-width: 1024px) 100vw, 1024px\" \/>\t\t\t\t\t\t\t\t\t\t\t\t\t\t\t<\/div>\n\t\t\t\t<div class=\"elementor-element elementor-element-338eb936 elementor-widget elementor-widget-heading\" data-id=\"338eb936\" data-element_type=\"widget\" data-e-type=\"widget\" data-widget_type=\"heading.default\">\n\t\t\t\t\t<h2 class=\"elementor-heading-title elementor-size-default\">LA MACHINE NE FATIGUE JAMAIS !<\/h2>\t\t\t\t<\/div>\n\t\t\t\t\t<\/div>\n\t\t\t\t<\/div>\n\t\t<div class=\"elementor-element elementor-element-3c0370e3 e-flex e-con-boxed e-con e-parent\" data-id=\"3c0370e3\" data-element_type=\"container\" data-e-type=\"container\">\n\t\t\t\t\t<div class=\"e-con-inner\">\n\t\t\t\t<div class=\"elementor-element elementor-element-dca37d2 elementor-widget elementor-widget-heading\" data-id=\"dca37d2\" data-element_type=\"widget\" data-e-type=\"widget\" data-widget_type=\"heading.default\">\n\t\t\t\t\t<h2 class=\"elementor-heading-title elementor-size-default\">LOUEZ VOTRE LANCEUR DE BALLES ENTRE <u>CHALON SUR SA\u00d4NE ET BEAUNE<\/u><br>ET ENTRA\u00ceNEZ-VOUS QUAND VOUS LE SOUHAITEZ<\/h2>\t\t\t\t<\/div>\n\t\t\t\t<div class=\"elementor-element elementor-element-598aa3f elementor-widget elementor-widget-video\" data-id=\"598aa3f\" data-element_type=\"widget\" data-e-type=\"widget\" data-settings=\"{&quot;video_type&quot;:&quot;hosted&quot;,&quot;autoplay&quot;:&quot;yes&quot;,&quot;play_on_mobile&quot;:&quot;yes&quot;,&quot;mute&quot;:&quot;yes&quot;,&quot;loop&quot;:&quot;yes&quot;}\" data-widget_type=\"video.default\">\n\t\t\t\t\t\t\t<div class=\"e-hosted-video elementor-wrapper elementor-open-inline\">\n\t\t\t\t\t<video class=\"elementor-video\" src=\"https:\/\/ballfactory.fr\/wp-content\/uploads\/2026\/03\/teaser-lanceur-site.mov\" autoplay=\"\" loop=\"\" muted=\"muted\" playsinline=\"\" controlsList=\"nodownload\"><\/video>\n\t\t\t\t<\/div>\n\t\t\t\t\t\t<\/div>\n\t\t<div class=\"elementor-element elementor-element-6fa19561 e-grid e-con-full e-con e-child\" data-id=\"6fa19561\" data-element_type=\"container\" data-e-type=\"container\" data-settings=\"{&quot;background_background&quot;:&quot;classic&quot;}\">\n\t\t\t\t<div class=\"elementor-element elementor-element-359e00c0 elementor-widget elementor-widget-text-editor\" data-id=\"359e00c0\" data-element_type=\"widget\" data-e-type=\"widget\" data-widget_type=\"text-editor.default\">\n\t\t\t\t\t\t\t\t\t<p>COMMENT \u00c7A MARCHE ?<\/p>\n<p>3 \u00e9tapes simples :<\/p><p><br><\/p>\n<p>1. R\u00e9servez votre lanceur<\/p>\n<p>sur le site directement&nbsp;<\/p>\n<p>ou bien par mail&nbsp;<\/p><p><br><\/p>\n<p>2. R\u00e9cup\u00e9rez votre lanceur&nbsp;<\/p><p><br><\/p>\n<p>3. Entra\u00eenez-vous sans limite<\/p>\t\t\t\t\t\t\t\t<\/div>\n\t\t\t\t<div class=\"elementor-element elementor-element-95dc10a elementor-widget elementor-widget-wpforms\" data-id=\"95dc10a\" data-element_type=\"widget\" data-e-type=\"widget\" data-widget_type=\"wpforms.default\">\n\t\t\t\t<div class=\"elementor-widget-container\">\n\t\t\t\t\t<style id=\"wpforms-css-vars-elementor-widget-95dc10a\">\n\t\t\t\t.elementor-widget-wpforms.elementor-element-95dc10a {\n\t\t\t\t--wpforms-button-background-color: #FDD002;\n\t\t\t}\n\t\t\t<\/style><div class=\"wpforms-container wpforms-container-full wpforms-render-modern\" id=\"wpforms-87\"><form id=\"wpforms-form-87\" class=\"wpforms-validate wpforms-form wpforms-ajax-form\" data-formid=\"87\" method=\"post\" enctype=\"multipart\/form-data\" action=\"\/index.php?rest_route=%2Fwp%2Fv2%2Fpages%2F80\" data-token=\"52cf4990132ecf38e017d2fc5bf11c2e\" data-token-time=\"1776133349\"><noscript class=\"wpforms-error-noscript\">Veuillez activer JavaScript dans votre navigateur pour remplir ce formulaire.<\/noscript><div id=\"wpforms-error-noscript\" style=\"display: none;\">Veuillez activer JavaScript dans votre navigateur pour remplir ce formulaire.<\/div><div class=\"wpforms-field-container\"><div id=\"wpforms-87-field_1-container\" class=\"wpforms-field wpforms-field-name\" data-field-id=\"1\"><fieldset><legend class=\"wpforms-field-label\">Nom <span class=\"wpforms-required-label\" aria-hidden=\"true\">*<\/span><\/legend><div class=\"wpforms-field-row wpforms-field-medium\"><div class=\"wpforms-field-row-block wpforms-first wpforms-one-half\"><input type=\"text\" id=\"wpforms-87-field_1\" class=\"wpforms-field-name-first wpforms-field-required\" name=\"wpforms[fields][1][first]\" aria-errormessage=\"wpforms-87-field_1-error\" required><label for=\"wpforms-87-field_1\" class=\"wpforms-field-sublabel after\">Pr\u00e9nom<\/label><\/div><div class=\"wpforms-field-row-block wpforms-one-half\"><input type=\"text\" id=\"wpforms-87-field_1-last\" class=\"wpforms-field-name-last wpforms-field-required\" name=\"wpforms[fields][1][last]\" aria-errormessage=\"wpforms-87-field_1-last-error\" required><label for=\"wpforms-87-field_1-last\" class=\"wpforms-field-sublabel after\">Nom<\/label><\/div><\/div><\/fieldset><\/div><div id=\"wpforms-87-field_2-container\" class=\"wpforms-field wpforms-field-email\" data-field-id=\"2\"><label class=\"wpforms-field-label\" for=\"wpforms-87-field_2\">E-mail <span class=\"wpforms-required-label\" aria-hidden=\"true\">*<\/span><\/label><input type=\"email\" id=\"wpforms-87-field_2\" class=\"wpforms-field-medium wpforms-field-required\" name=\"wpforms[fields][2]\" spellcheck=\"false\" aria-errormessage=\"wpforms-87-field_2-error\" required><\/div><div id=\"wpforms-87-field_5-container\" class=\"wpforms-field wpforms-field-checkbox\" data-field-id=\"5\"><fieldset><legend class=\"wpforms-field-label\">Demande de location : OFFRE DE LANCEMENT ! <span class=\"wpforms-required-label\" aria-hidden=\"true\">*<\/span><\/legend><ul id=\"wpforms-87-field_5\" class=\"wpforms-field-required\" data-choice-limit=\"1\"><li class=\"choice-1 depth-1\"><input type=\"checkbox\" id=\"wpforms-87-field_5_1\" data-rule-check-limit=\"true\" name=\"wpforms[fields][5][]\" value=\"1 Journ\u00e9e (25\u20ac au lieu de 45\u20ac)\" aria-errormessage=\"wpforms-87-field_5_1-error\" aria-describedby=\"wpforms-87-field_5-description\" required ><label class=\"wpforms-field-label-inline\" for=\"wpforms-87-field_5_1\">1 Journ\u00e9e (25\u20ac au lieu de 45\u20ac)<\/label><\/li><li class=\"choice-2 depth-1\"><input type=\"checkbox\" id=\"wpforms-87-field_5_2\" data-rule-check-limit=\"true\" name=\"wpforms[fields][5][]\" value=\"1 Week-end (40\u20ac au lieu de 80\u20ac)\" aria-errormessage=\"wpforms-87-field_5_2-error\" aria-describedby=\"wpforms-87-field_5-description\" required ><label class=\"wpforms-field-label-inline\" for=\"wpforms-87-field_5_2\">1 Week-end (40\u20ac au lieu de 80\u20ac)<\/label><\/li><li class=\"choice-3 depth-1\"><input type=\"checkbox\" id=\"wpforms-87-field_5_3\" data-rule-check-limit=\"true\" name=\"wpforms[fields][5][]\" value=\"1 Semaine (65\u20ac au lieu de 130\u20ac)\" aria-errormessage=\"wpforms-87-field_5_3-error\" aria-describedby=\"wpforms-87-field_5-description\" required ><label class=\"wpforms-field-label-inline\" for=\"wpforms-87-field_5_3\">1 Semaine (65\u20ac au lieu de 130\u20ac)<\/label><\/li><\/ul><div id=\"wpforms-87-field_5-description\" class=\"wpforms-field-description\">Merci de choisir le forfait de votre choix et de nous indiquer dans le champs ci-dessous la date de location souhait\u00e9e<\/div><\/fieldset><\/div>\t\t<div id=\"wpforms-87-field_4-container\"\n\t\t\tclass=\"wpforms-field wpforms-field-text\"\n\t\t\tdata-field-type=\"text\"\n\t\t\tdata-field-id=\"4\"\n\t\t\t>\n\t\t\t<label class=\"wpforms-field-label\" for=\"wpforms-87-field_4\" >DE Date E-mail<\/label>\n\t\t\t<input type=\"text\" id=\"wpforms-87-field_4\" class=\"wpforms-field-medium\" name=\"wpforms[fields][4]\" >\n\t\t<\/div>\n\t\t<div id=\"wpforms-87-field_3-container\" class=\"wpforms-field wpforms-field-textarea\" data-field-id=\"3\"><label class=\"wpforms-field-label\" for=\"wpforms-87-field_3\">Date de location souhait\u00e9e <span class=\"wpforms-required-label\" aria-hidden=\"true\">*<\/span><\/label><textarea id=\"wpforms-87-field_3\" class=\"wpforms-field-medium wpforms-field-required\" name=\"wpforms[fields][3]\" aria-errormessage=\"wpforms-87-field_3-error\" aria-describedby=\"wpforms-87-field_3-description\" required><\/textarea><div id=\"wpforms-87-field_3-description\" class=\"wpforms-field-description\">Veuillez nous indiquer la date de location souhait\u00e9e et nous prendrons contact avec vous au plus vite pour confirmer la r\u00e9servation. (Vous pouvez renseignez votre t\u00e9l\u00e9phone pour faciliter nos \u00e9changes.)<\/div><\/div><script>\n\t\t\t\t( function() {\n\t\t\t\t\tconst style = document.createElement( 'style' );\n\t\t\t\t\tstyle.appendChild( document.createTextNode( '#wpforms-87-field_4-container { position: absolute !important; overflow: hidden !important; display: inline !important; height: 1px !important; width: 1px !important; z-index: -1000 !important; padding: 0 !important; } #wpforms-87-field_4-container input { visibility: hidden; } #wpforms-conversational-form-page #wpforms-87-field_4-container label { counter-increment: none; }' ) );\n\t\t\t\t\tdocument.head.appendChild( style );\n\t\t\t\t\tdocument.currentScript?.remove();\n\t\t\t\t} )();\n\t\t\t<\/script><\/div><!-- .wpforms-field-container --><div class=\"wpforms-submit-container\" ><input type=\"hidden\" name=\"wpforms[id]\" value=\"87\"><input type=\"hidden\" name=\"page_title\" value=\"\"><input type=\"hidden\" name=\"page_url\" value=\"https:\/\/ballfactory.fr\/index.php?rest_route=\/wp\/v2\/pages\/80\"><input type=\"hidden\" name=\"url_referer\" value=\"\"><button type=\"submit\" name=\"wpforms[submit]\" id=\"wpforms-submit-87\" class=\"wpforms-submit\" data-alt-text=\"Envoi...\" data-submit-text=\"Envoyer\" aria-live=\"assertive\" value=\"wpforms-submit\">Envoyer<\/button><img decoding=\"async\" src=\"https:\/\/ballfactory.fr\/wp-content\/plugins\/wpforms-lite\/assets\/images\/submit-spin.svg\" class=\"wpforms-submit-spinner\" style=\"display: none;\" width=\"26\" height=\"26\" alt=\"Chargement en cours\"><\/div><\/form><\/div>  <!-- .wpforms-container -->\t\t\t\t<\/div>\n\t\t\t\t<\/div>\n\t\t\t\t<\/div>\n\t\t\t\t\t<\/div>\n\t\t\t\t<\/div>\n\t\t<div class=\"elementor-element elementor-element-7fcb8df2 e-flex e-con-boxed e-con e-parent\" data-id=\"7fcb8df2\" data-element_type=\"container\" data-e-type=\"container\">\n\t\t\t\t\t<div class=\"e-con-inner\">\n\t\t\t\t<div class=\"elementor-element elementor-element-7523eb53 elementor-widget-divider--view-line elementor-widget elementor-widget-divider\" data-id=\"7523eb53\" data-element_type=\"widget\" data-e-type=\"widget\" data-widget_type=\"divider.default\">\n\t\t\t\t\t\t\t<div class=\"elementor-divider\">\n\t\t\t<span class=\"elementor-divider-separator\">\n\t\t\t\t\t\t<\/span>\n\t\t<\/div>\n\t\t\t\t\t\t<\/div>\n\t\t\t\t\t<\/div>\n\t\t\t\t<\/div>\n\t\t<div class=\"elementor-element elementor-element-6dbd4860 e-flex e-con-boxed e-con e-parent\" data-id=\"6dbd4860\" data-element_type=\"container\" data-e-type=\"container\">\n\t\t\t\t\t<div class=\"e-con-inner\">\n\t\t<div class=\"elementor-element elementor-element-413d5eb e-grid e-con-full e-con e-child\" data-id=\"413d5eb\" data-element_type=\"container\" data-e-type=\"container\" data-settings=\"{&quot;background_background&quot;:&quot;classic&quot;}\">\n\t\t\t\t<div class=\"elementor-element elementor-element-2829e6a9 elementor-widget elementor-widget-image\" data-id=\"2829e6a9\" data-element_type=\"widget\" data-e-type=\"widget\" data-widget_type=\"image.default\">\n\t\t\t\t\t\t\t\t\t\t\t\t\t\t\t<img decoding=\"async\" width=\"1024\" height=\"393\" src=\"https:\/\/ballfactory.fr\/wp-content\/uploads\/2026\/03\/forfaits-BF-1024x393.png\" class=\"attachment-large size-large wp-image-37\" alt=\"\" srcset=\"https:\/\/ballfactory.fr\/wp-content\/uploads\/2026\/03\/forfaits-BF-1024x393.png 1024w, https:\/\/ballfactory.fr\/wp-content\/uploads\/2026\/03\/forfaits-BF-300x115.png 300w, https:\/\/ballfactory.fr\/wp-content\/uploads\/2026\/03\/forfaits-BF-768x294.png 768w, https:\/\/ballfactory.fr\/wp-content\/uploads\/2026\/03\/forfaits-BF.png 1505w\" sizes=\"(max-width: 1024px) 100vw, 1024px\" \/>\t\t\t\t\t\t\t\t\t\t\t\t\t\t\t<\/div>\n\t\t\t\t<div class=\"elementor-element elementor-element-460e7303 elementor-widget elementor-widget-image\" data-id=\"460e7303\" data-element_type=\"widget\" data-e-type=\"widget\" data-widget_type=\"image.default\">\n\t\t\t\t\t\t\t\t\t\t\t\t\t\t\t<img loading=\"lazy\" decoding=\"async\" width=\"1024\" height=\"473\" src=\"https:\/\/ballfactory.fr\/wp-content\/uploads\/2026\/03\/TARIFS-forfaits-Ball-Factory-1024x473.png\" class=\"attachment-large size-large wp-image-38\" alt=\"TARIFS forfaits Ball Factory\" srcset=\"https:\/\/ballfactory.fr\/wp-content\/uploads\/2026\/03\/TARIFS-forfaits-Ball-Factory-1024x473.png 1024w, https:\/\/ballfactory.fr\/wp-content\/uploads\/2026\/03\/TARIFS-forfaits-Ball-Factory-300x139.png 300w, https:\/\/ballfactory.fr\/wp-content\/uploads\/2026\/03\/TARIFS-forfaits-Ball-Factory-768x355.png 768w, https:\/\/ballfactory.fr\/wp-content\/uploads\/2026\/03\/TARIFS-forfaits-Ball-Factory-1536x709.png 1536w, https:\/\/ballfactory.fr\/wp-content\/uploads\/2026\/03\/TARIFS-forfaits-Ball-Factory-2048x946.png 2048w\" sizes=\"(max-width: 1024px) 100vw, 1024px\" \/>\t\t\t\t\t\t\t\t\t\t\t\t\t\t\t<\/div>\n\t\t\t\t<\/div>\n\t\t\t\t\t<\/div>\n\t\t\t\t<\/div>\n\t\t<div class=\"elementor-element elementor-element-552dea e-flex e-con-boxed e-con e-parent\" data-id=\"552dea\" data-element_type=\"container\" data-e-type=\"container\">\n\t\t\t\t\t<div class=\"e-con-inner\">\n\t\t\t\t<div class=\"elementor-element elementor-element-3b3199be elementor-widget elementor-widget-text-editor\" data-id=\"3b3199be\" data-element_type=\"widget\" data-e-type=\"widget\" data-widget_type=\"text-editor.default\">\n\t\t\t\t\t\t\t\t\t<p>Facile \u00e0 utiliser et \u00e0 prendre en main avec une mise en place tr\u00e8s rapide, nos lanceurs sont lou\u00e9s avec 72 balles vous permettant de garder un rythme soutenu lors de vos s\u00e9ances et d&rsquo;optimiser les r\u00e9p\u00e9titions.<\/p>\t\t\t\t\t\t\t\t<\/div>\n\t\t\t\t\t<\/div>\n\t\t\t\t<\/div>\n\t\t<div class=\"elementor-element elementor-element-4667f249 e-flex e-con-boxed e-con e-parent\" data-id=\"4667f249\" data-element_type=\"container\" data-e-type=\"container\">\n\t\t\t\t\t<div class=\"e-con-inner\">\n\t\t<div class=\"elementor-element elementor-element-6edaf10b e-grid e-con-boxed e-con e-child\" data-id=\"6edaf10b\" data-element_type=\"container\" data-e-type=\"container\" data-settings=\"{&quot;background_background&quot;:&quot;classic&quot;}\">\n\t\t\t\t\t<div class=\"e-con-inner\">\n\t\t\t\t<div class=\"elementor-element elementor-element-de7b66e elementor-widget elementor-widget-image\" data-id=\"de7b66e\" data-element_type=\"widget\" data-e-type=\"widget\" data-widget_type=\"image.default\">\n\t\t\t\t\t\t\t\t\t\t\t\t\t\t\t<img loading=\"lazy\" decoding=\"async\" width=\"1024\" height=\"494\" src=\"https:\/\/ballfactory.fr\/wp-content\/uploads\/2026\/03\/contacts-BF-1024x494.png\" class=\"attachment-large size-large wp-image-39\" alt=\"Contacts BALL FACTORY\" srcset=\"https:\/\/ballfactory.fr\/wp-content\/uploads\/2026\/03\/contacts-BF-1024x494.png 1024w, https:\/\/ballfactory.fr\/wp-content\/uploads\/2026\/03\/contacts-BF-300x145.png 300w, https:\/\/ballfactory.fr\/wp-content\/uploads\/2026\/03\/contacts-BF-768x370.png 768w, https:\/\/ballfactory.fr\/wp-content\/uploads\/2026\/03\/contacts-BF-1536x740.png 1536w, https:\/\/ballfactory.fr\/wp-content\/uploads\/2026\/03\/contacts-BF.png 1830w\" sizes=\"(max-width: 1024px) 100vw, 1024px\" \/>\t\t\t\t\t\t\t\t\t\t\t\t\t\t\t<\/div>\n\t\t<div class=\"elementor-element elementor-element-451ced3 e-con-full e-flex e-con e-child\" data-id=\"451ced3\" data-element_type=\"container\" data-e-type=\"container\">\n\t\t\t\t<div class=\"elementor-element elementor-element-4e6cc24 elementor-align-center elementor-widget elementor-widget-button\" data-id=\"4e6cc24\" data-element_type=\"widget\" data-e-type=\"widget\" data-widget_type=\"button.default\">\n\t\t\t\t\t\t\t\t\t\t<a class=\"elementor-button elementor-button-link elementor-size-sm\" href=\"https:\/\/www.instagram.com\/ballfactory.fr\/\">\n\t\t\t\t\t\t<span class=\"elementor-button-content-wrapper\">\n\t\t\t\t\t\t<span class=\"elementor-button-icon\">\n\t\t\t\t<svg aria-hidden=\"true\" class=\"e-font-icon-svg e-fab-instagram\" viewBox=\"0 0 448 512\" xmlns=\"http:\/\/www.w3.org\/2000\/svg\"><path d=\"M224.1 141c-63.6 0-114.9 51.3-114.9 114.9s51.3 114.9 114.9 114.9S339 319.5 339 255.9 287.7 141 224.1 141zm0 189.6c-41.1 0-74.7-33.5-74.7-74.7s33.5-74.7 74.7-74.7 74.7 33.5 74.7 74.7-33.6 74.7-74.7 74.7zm146.4-194.3c0 14.9-12 26.8-26.8 26.8-14.9 0-26.8-12-26.8-26.8s12-26.8 26.8-26.8 26.8 12 26.8 26.8zm76.1 27.2c-1.7-35.9-9.9-67.7-36.2-93.9-26.2-26.2-58-34.4-93.9-36.2-37-2.1-147.9-2.1-184.9 0-35.8 1.7-67.6 9.9-93.9 36.1s-34.4 58-36.2 93.9c-2.1 37-2.1 147.9 0 184.9 1.7 35.9 9.9 67.7 36.2 93.9s58 34.4 93.9 36.2c37 2.1 147.9 2.1 184.9 0 35.9-1.7 67.7-9.9 93.9-36.2 26.2-26.2 34.4-58 36.2-93.9 2.1-37 2.1-147.8 0-184.8zM398.8 388c-7.8 19.6-22.9 34.7-42.6 42.6-29.5 11.7-99.5 9-132.1 9s-102.7 2.6-132.1-9c-19.6-7.8-34.7-22.9-42.6-42.6-11.7-29.5-9-99.5-9-132.1s-2.6-102.7 9-132.1c7.8-19.6 22.9-34.7 42.6-42.6 29.5-11.7 99.5-9 132.1-9s102.7-2.6 132.1 9c19.6 7.8 34.7 22.9 42.6 42.6 11.7 29.5 9 99.5 9 132.1s2.7 102.7-9 132.1z\"><\/path><\/svg>\t\t\t<\/span>\n\t\t\t\t\t\t\t\t\t<span class=\"elementor-button-text\">@ballfactory.fr<\/span>\n\t\t\t\t\t<\/span>\n\t\t\t\t\t<\/a>\n\t\t\t\t\t\t\t\t<\/div>\n\t\t\t\t<div class=\"elementor-element elementor-element-630cf1a elementor-align-center elementor-widget elementor-widget-button\" data-id=\"630cf1a\" data-element_type=\"widget\" data-e-type=\"widget\" data-widget_type=\"button.default\">\n\t\t\t\t\t\t\t\t\t\t<a class=\"elementor-button elementor-button-link elementor-size-sm\" href=\"https:\/\/www.facebook.com\/share\/1CQ4Ac8VN3\/?mibextid=wwXIfr\">\n\t\t\t\t\t\t<span class=\"elementor-button-content-wrapper\">\n\t\t\t\t\t\t<span class=\"elementor-button-icon\">\n\t\t\t\t<svg aria-hidden=\"true\" class=\"e-font-icon-svg e-fab-facebook-square\" viewBox=\"0 0 448 512\" xmlns=\"http:\/\/www.w3.org\/2000\/svg\"><path d=\"M400 32H48A48 48 0 0 0 0 80v352a48 48 0 0 0 48 48h137.25V327.69h-63V256h63v-54.64c0-62.15 37-96.48 93.67-96.48 27.14 0 55.52 4.84 55.52 4.84v61h-31.27c-30.81 0-40.42 19.12-40.42 38.73V256h68.78l-11 71.69h-57.78V480H400a48 48 0 0 0 48-48V80a48 48 0 0 0-48-48z\"><\/path><\/svg>\t\t\t<\/span>\n\t\t\t\t\t\t\t\t\t<span class=\"elementor-button-text\">   Ball Factory<\/span>\n\t\t\t\t\t<\/span>\n\t\t\t\t\t<\/a>\n\t\t\t\t\t\t\t\t<\/div>\n\t\t\t\t<\/div>\n\t\t\t\t\t<\/div>\n\t\t\t\t<\/div>\n\t\t\t\t\t<\/div>\n\t\t\t\t<\/div>\n\t\t\t\t<\/div>\n\t\t","protected":false},"excerpt":{"rendered":"<p>LA MACHINE NE FATIGUE JAMAIS ! LOUEZ VOTRE LANCEUR DE BALLES ENTRE CHALON SUR SA\u00d4NE ET BEAUNEET ENTRA\u00ceNEZ-VOUS QUAND VOUS [&hellip;]<\/p>\n","protected":false},"author":1,"featured_media":0,"parent":0,"menu_order":0,"comment_status":"closed","ping_status":"closed","template":"elementor_canvas","meta":{"site-sidebar-layout":"no-sidebar","site-content-layout":"","ast-site-content-layout":"full-width-container","site-content-style":"default","site-sidebar-style":"default","ast-global-header-display":"","ast-banner-title-visibility":"","ast-main-header-display":"","ast-hfb-above-header-display":"","ast-hfb-below-header-display":"","ast-hfb-mobile-header-display":"","site-post-title":"","ast-breadcrumbs-content":"","ast-featured-img":"disabled","footer-sml-layout":"","ast-disable-related-posts":"","theme-transparent-header-meta":"","adv-header-id-meta":"","stick-header-meta":"","header-above-stick-meta":"","header-main-stick-meta":"","header-below-stick-meta":"","astra-migrate-meta-layouts":"default","ast-page-background-enabled":"default","ast-page-background-meta":{"desktop":{"background-color":"var(--ast-global-color-5)","background-image":"","background-repeat":"repeat","background-position":"center center","background-size":"auto","background-attachment":"scroll","background-type":"","background-media":"","overlay-type":"","overlay-color":"","overlay-opacity":"","overlay-gradient":""},"tablet":{"background-color":"","background-image":"","background-repeat":"repeat","background-position":"center center","background-size":"auto","background-attachment":"scroll","background-type":"","background-media":"","overlay-type":"","overlay-color":"","overlay-opacity":"","overlay-gradient":""},"mobile":{"background-color":"","background-image":"","background-repeat":"repeat","background-position":"center center","background-size":"auto","background-attachment":"scroll","background-type":"","background-media":"","overlay-type":"","overlay-color":"","overlay-opacity":"","overlay-gradient":""}},"ast-content-background-meta":{"desktop":{"background-color":"var(--ast-global-color-4)","background-image":"","background-repeat":"repeat","background-position":"center center","background-size":"auto","background-attachment":"scroll","background-type":"","background-media":"","overlay-type":"","overlay-color":"","overlay-opacity":"","overlay-gradient":""},"tablet":{"background-color":"var(--ast-global-color-4)","background-image":"","background-repeat":"repeat","background-position":"center center","background-size":"auto","background-attachment":"scroll","background-type":"","background-media":"","overlay-type":"","overlay-color":"","overlay-opacity":"","overlay-gradient":""},"mobile":{"background-color":"var(--ast-global-color-4)","background-image":"","background-repeat":"repeat","background-position":"center center","background-size":"auto","background-attachment":"scroll","background-type":"","background-media":"","overlay-type":"","overlay-color":"","overlay-opacity":"","overlay-gradient":""}},"footnotes":""},"class_list":["post-80","page","type-page","status-publish","hentry"],"_links":{"self":[{"href":"https:\/\/ballfactory.fr\/index.php?rest_route=\/wp\/v2\/pages\/80","targetHints":{"allow":["GET"]}}],"collection":[{"href":"https:\/\/ballfactory.fr\/index.php?rest_route=\/wp\/v2\/pages"}],"about":[{"href":"https:\/\/ballfactory.fr\/index.php?rest_route=\/wp\/v2\/types\/page"}],"author":[{"embeddable":true,"href":"https:\/\/ballfactory.fr\/index.php?rest_route=\/wp\/v2\/users\/1"}],"replies":[{"embeddable":true,"href":"https:\/\/ballfactory.fr\/index.php?rest_route=%2Fwp%2Fv2%2Fcomments&post=80"}],"version-history":[{"count":32,"href":"https:\/\/ballfactory.fr\/index.php?rest_route=\/wp\/v2\/pages\/80\/revisions"}],"predecessor-version":[{"id":122,"href":"https:\/\/ballfactory.fr\/index.php?rest_route=\/wp\/v2\/pages\/80\/revisions\/122"}],"wp:attachment":[{"href":"https:\/\/ballfactory.fr\/index.php?rest_route=%2Fwp%2Fv2%2Fmedia&parent=80"}],"curies":[{"name":"wp","href":"https:\/\/api.w.org\/{rel}","templated":true}]}}